{"id":224,"date":"2011-12-13T09:43:02","date_gmt":"2011-12-13T09:43:02","guid":{"rendered":"https:\/\/niewidzialna.pl\/?page_id=224"},"modified":"2025-03-13T11:58:38","modified_gmt":"2025-03-13T11:58:38","slug":"tickets-and-payment-options","status":"publish","type":"page","link":"https:\/\/niewidzialna.pl\/en\/what-is-it\/tickets-and-payment-options","title":{"rendered":"Tickets and payment options"},"content":{"rendered":"<p style=\"text-align: left;\">At the exhibition all purchases can be made by means of cash or card.<\/p>\n<p><b><span style=\"text-decoration: underline;\"><span style=\"color: #ff0000; text-decoration: underline;\">Tickets price &#8211; weekdays:<\/span><br \/>\n<\/span><\/b>Regular (Adults)<strong> &#8211; 45 z\u0142.<\/strong><br \/>\nDiscount (students &amp; elderly)<strong> &#8211; 40 z\u0142.*<\/strong><br \/>\n<strong>Group &#8211; 37 z\u0142.**<\/strong><\/p>\n<p><span style=\"color: #ff0000;\"><b><span style=\"text-decoration: underline;\">Tickets price &#8211; weekends:<\/span><\/b><\/span><br \/>\nRegular (Adults) <strong>&#8211; 50 z\u0142.<\/strong><br \/>\nDiscount (students &amp; elderly) <strong>&#8211; 45 z\u0142.*<\/strong><br \/>\n<strong>Group &#8211; 40 z\u0142.**<\/strong><\/p>\n<p>*Discount applicable only with a valid document entitling to a discount e.g. valid student ID card<br \/>\n**Group tickets available for groups of 20 or more at the age maximum 18 years old.<br \/>\nAttention! The last entry at the group price is 4.45 pm.<br \/>\nThe caretakens of minors in organized groups enter free of charge (max 1 caretaken for 7 minors).<\/p>\n<p><span style=\"color: #ff0000;\"><strong>If you need an englishspeaking guide, it&#8217;s not a problem &#8211; just let us know!<br \/>\nBooking for englishspeakers only via email: info@niewidzialna.pl<\/strong><\/span><\/p>\n<p><b><\/b><strong><span style=\"color: #000000;\">IMPORTANT NOTICE &#8211;\u00a0FAMILY TICKETS:<br \/>\n<\/span><\/strong><span style=\"color: #000000;\"><strong>Family tickets are available only in house &#8211; not available online.<\/strong> To compensate for that new family ticket entitles not max 4, but max 5 persons (2 adults + max. 3 children up to 16 yo.) to enter the exhibition.\u00a0<\/span><\/p>\n<p>Family ticket &#8211; weekdays (Monday &#8211; Friday)<strong> &#8211; 150 z\u0142.<\/strong><br \/>\nFamily ticket &#8211; weekends (Saturday &#8211; Sunday)<strong> &#8211; 160 z\u0142.<\/strong><\/p>\n<p><b>Blind and visually impaired persons<\/b><\/p>\n<p>Blind persons may enter the Invisible Exhibition free of charge.<br \/>\nVisually impaired persons depending on their level of disability (upon presentation of valid documents) will pay accordingly price of a group or discounted ticket.<\/p>\n","protected":false},"excerpt":{"rendered":"<p>At the exhibition all purchases can be made by means of cash or card. Tickets price &#8211; weekdays: Regular (Adults) &#8211; 45 z\u0142. Discount (students &amp; elderly) &#8211; 40 z\u0142.* Group &#8211; 37 z\u0142.** Tickets price &#8211; weekends: Regular (Adults) &#8211; 50 z\u0142. Discount (students &amp; elderly) &#8211; 45 z\u0142.* Group &#8211; 40 z\u0142.** *Discount [&hellip;]<\/p>\n","protected":false},"author":9192192,"featured_media":0,"parent":5,"menu_order":3,"comment_status":"open","ping_status":"closed","template":"","meta":{"_acf_changed":false,"footnotes":""},"class_list":["post-224","page","type-page","status-publish","hentry"],"acf":[],"_links":{"self":[{"href":"https:\/\/niewidzialna.pl\/en\/wp-json\/wp\/v2\/pages\/224","targetHints":{"allow":["GET"]}}],"collection":[{"href":"https:\/\/niewidzialna.pl\/en\/wp-json\/wp\/v2\/pages"}],"about":[{"href":"https:\/\/niewidzialna.pl\/en\/wp-json\/wp\/v2\/types\/page"}],"author":[{"embeddable":true,"href":"https:\/\/niewidzialna.pl\/en\/wp-json\/wp\/v2\/users\/9192192"}],"replies":[{"embeddable":true,"href":"https:\/\/niewidzialna.pl\/en\/wp-json\/wp\/v2\/comments?post=224"}],"version-history":[{"count":0,"href":"https:\/\/niewidzialna.pl\/en\/wp-json\/wp\/v2\/pages\/224\/revisions"}],"up":[{"embeddable":true,"href":"https:\/\/niewidzialna.pl\/en\/wp-json\/wp\/v2\/pages\/5"}],"wp:attachment":[{"href":"https:\/\/niewidzialna.pl\/en\/wp-json\/wp\/v2\/media?parent=224"}],"curies":[{"name":"wp","href":"https:\/\/api.w.org\/{rel}","templated":true}]}}